{"id":7189,"date":"2024-02-27T18:39:28","date_gmt":"2024-02-27T18:39:28","guid":{"rendered":"https:\/\/viteapv.com\/eventos\/"},"modified":"2024-03-06T20:30:35","modified_gmt":"2024-03-06T20:30:35","slug":"eventos","status":"publish","type":"page","link":"https:\/\/viteapv.com\/es\/eventos\/","title":{"rendered":"eventos"},"content":{"rendered":"\t\t<div data-elementor-type=\"wp-page\" data-elementor-id=\"7189\" class=\"elementor elementor-7189 elementor-6180\">\n\t\t\t\t\t\t<section class=\"elementor-section elementor-top-section elementor-element elementor-element-8100396 elementor-section-boxed elementor-section-height-default elementor-section-height-default\" data-id=\"8100396\" data-element_type=\"section\" data-e-type=\"section\" data-settings=\"{&quot;background_background&quot;:&quot;classic&quot;}\">\n\t\t\t\t\t\t<div class=\"elementor-container elementor-column-gap-default\">\n\t\t\t\t\t<div class=\"elementor-column elementor-col-100 elementor-top-column elementor-element elementor-element-091f92b\" data-id=\"091f92b\" data-element_type=\"column\" data-e-type=\"column\">\n\t\t\t<div class=\"elementor-widget-wrap\">\n\t\t\t\t\t\t\t<\/div>\n\t\t<\/div>\n\t\t\t\t\t<\/div>\n\t\t<\/section>\n\t\t\t\t<section class=\"elementor-section elementor-top-section elementor-element elementor-element-36cd229 elementor-section-full_width elementor-section-stretched elementor-section-height-default elementor-section-height-default\" data-id=\"36cd229\" data-element_type=\"section\" data-e-type=\"section\" data-settings=\"{&quot;stretch_section&quot;:&quot;section-stretched&quot;,&quot;background_background&quot;:&quot;classic&quot;}\">\n\t\t\t\t\t\t<div class=\"elementor-container elementor-column-gap-default\">\n\t\t\t\t\t<div class=\"elementor-column elementor-col-100 elementor-top-column elementor-element elementor-element-724095a\" data-id=\"724095a\" data-element_type=\"column\" data-e-type=\"column\" data-settings=\"{&quot;background_background&quot;:&quot;classic&quot;}\">\n\t\t\t<div class=\"elementor-widget-wrap elementor-element-populated\">\n\t\t\t\t\t\t<div class=\"elementor-element elementor-element-a633557 elementor-widget elementor-widget-spacer\" data-id=\"a633557\" data-element_type=\"widget\" data-e-type=\"widget\" data-widget_type=\"spacer.default\">\n\t\t\t\t<div class=\"elementor-widget-container\">\n\t\t\t\t\t\t\t<div class=\"elementor-spacer\">\n\t\t\t<div class=\"elementor-spacer-inner\"><\/div>\n\t\t<\/div>\n\t\t\t\t\t\t<\/div>\n\t\t\t\t<\/div>\n\t\t\t\t<div class=\"elementor-element elementor-element-521f677 elementor-widget elementor-widget-heading\" data-id=\"521f677\" data-element_type=\"widget\" data-e-type=\"widget\" data-widget_type=\"heading.default\">\n\t\t\t\t<div class=\"elementor-widget-container\">\n\t\t\t\t\t<h2 class=\"elementor-heading-title elementor-size-default\">eventos y catering<\/h2>\t\t\t\t<\/div>\n\t\t\t\t<\/div>\n\t\t\t\t<div class=\"elementor-element elementor-element-ceea079 elementor-widget elementor-widget-heading\" data-id=\"ceea079\" data-element_type=\"widget\" data-e-type=\"widget\" data-widget_type=\"heading.default\">\n\t\t\t\t<div class=\"elementor-widget-container\">\n\t\t\t\t\t<h1 class=\"elementor-heading-title elementor-size-default\">Eventos y Catering en Puerto Vallarta <\/h1>\t\t\t\t<\/div>\n\t\t\t\t<\/div>\n\t\t\t\t<div class=\"elementor-element elementor-element-1808fba elementor-widget elementor-widget-cz_title\" data-id=\"1808fba\" data-element_type=\"widget\" data-e-type=\"widget\" data-widget_type=\"cz_title.default\">\n\t\t\t\t<div class=\"elementor-widget-container\">\n\t\t\t\t\t\t\r\n\t\t<div>\r\n\t\t\t<div class=\"cz_title clr cz_title_pos_inline\"><div class=\"cz_title_content\"><div class=\"cz_wpe_content\"><p>En nuestro restaurante ofrecemos una <strong>inigualable experiencia<\/strong> de cenas, como tambien nos <strong>especializamos<\/strong> en <strong>organizar eventos especiales de desayuno<\/strong>, <strong>comida y cena<\/strong><\/p><\/div><\/div><\/div>\r\n\t\t<\/div>\r\n\t\t\r\n\t\t\t\t\t\t<\/div>\n\t\t\t\t<\/div>\n\t\t\t\t<div class=\"elementor-element elementor-element-b905ee0 elementor-widget elementor-widget-spacer\" data-id=\"b905ee0\" data-element_type=\"widget\" data-e-type=\"widget\" data-widget_type=\"spacer.default\">\n\t\t\t\t<div class=\"elementor-widget-container\">\n\t\t\t\t\t\t\t<div class=\"elementor-spacer\">\n\t\t\t<div class=\"elementor-spacer-inner\"><\/div>\n\t\t<\/div>\n\t\t\t\t\t\t<\/div>\n\t\t\t\t<\/div>\n\t\t\t\t\t<\/div>\n\t\t<\/div>\n\t\t\t\t\t<\/div>\n\t\t<\/section>\n\t\t\t\t<section class=\"elementor-section elementor-top-section elementor-element elementor-element-afd81c4 elementor-section-full_width elementor-section-stretched elementor-section-height-default elementor-section-height-default\" data-id=\"afd81c4\" data-element_type=\"section\" data-e-type=\"section\" data-settings=\"{&quot;stretch_section&quot;:&quot;section-stretched&quot;}\">\n\t\t\t\t\t\t<div class=\"elementor-container elementor-column-gap-default\">\n\t\t\t\t\t<div class=\"elementor-column elementor-col-50 elementor-top-column elementor-element elementor-element-4675ef1\" data-id=\"4675ef1\" data-element_type=\"column\" data-e-type=\"column\" data-settings=\"{&quot;background_background&quot;:&quot;classic&quot;}\">\n\t\t\t<div class=\"elementor-widget-wrap elementor-element-populated\">\n\t\t\t\t\t\t<div class=\"elementor-element elementor-element-56eb403 elementor-widget elementor-widget-spacer\" data-id=\"56eb403\" data-element_type=\"widget\" data-e-type=\"widget\" data-widget_type=\"spacer.default\">\n\t\t\t\t<div class=\"elementor-widget-container\">\n\t\t\t\t\t\t\t<div class=\"elementor-spacer\">\n\t\t\t<div class=\"elementor-spacer-inner\"><\/div>\n\t\t<\/div>\n\t\t\t\t\t\t<\/div>\n\t\t\t\t<\/div>\n\t\t\t\t\t<\/div>\n\t\t<\/div>\n\t\t\t\t<div class=\"elementor-column elementor-col-50 elementor-top-column elementor-element elementor-element-5667779\" data-id=\"5667779\" data-element_type=\"column\" data-e-type=\"column\">\n\t\t\t<div class=\"elementor-widget-wrap elementor-element-populated\">\n\t\t\t\t\t\t<div class=\"elementor-element elementor-element-ccfd389 elementor-widget elementor-widget-spacer\" data-id=\"ccfd389\" data-element_type=\"widget\" data-e-type=\"widget\" data-widget_type=\"spacer.default\">\n\t\t\t\t<div class=\"elementor-widget-container\">\n\t\t\t\t\t\t\t<div class=\"elementor-spacer\">\n\t\t\t<div class=\"elementor-spacer-inner\"><\/div>\n\t\t<\/div>\n\t\t\t\t\t\t<\/div>\n\t\t\t\t<\/div>\n\t\t\t\t<div class=\"elementor-element elementor-element-47080a4 elementor-widget elementor-widget-heading\" data-id=\"47080a4\" data-element_type=\"widget\" data-e-type=\"widget\" data-widget_type=\"heading.default\">\n\t\t\t\t<div class=\"elementor-widget-container\">\n\t\t\t\t\t<h2 class=\"elementor-heading-title elementor-size-default\">eventos<\/h2>\t\t\t\t<\/div>\n\t\t\t\t<\/div>\n\t\t\t\t<div class=\"elementor-element elementor-element-9b9d138 elementor-widget elementor-widget-cz_title\" data-id=\"9b9d138\" data-element_type=\"widget\" data-e-type=\"widget\" data-widget_type=\"cz_title.default\">\n\t\t\t\t<div class=\"elementor-widget-container\">\n\t\t\t\t\t\t\r\n\t\t<div>\r\n\t\t\t<div class=\"cz_title clr cz_title_pos_inline\"><div class=\"cz_title_content\"><div class=\"cz_wpe_content\"><p><strong>Organiza tus eventos especiales y celebraciones<\/strong> en nuestro sofisticado e \u00edntimo sal\u00f3n, el c\u00faal puede albergar hasta <strong>50 invitados.<\/strong> O si lo que est\u00e1s buscando es un <strong>escenario m\u00e1s aud\u00e1z<\/strong> realiza tu evento en nuestra incre\u00edble <strong>terraza<\/strong> frente al mar con capacidad de hasta <strong>70 invitados.<\/strong> <br \/>Nuestro elegante ambiente es el escenario perfecto para crear memorables momentos.<\/p><\/div><\/div><\/div>\r\n\t\t<\/div>\r\n\t\t\r\n\t\t\t\t\t\t<\/div>\n\t\t\t\t<\/div>\n\t\t\t\t<div class=\"elementor-element elementor-element-72645e44 elementor-widget elementor-widget-heading\" data-id=\"72645e44\" data-element_type=\"widget\" data-e-type=\"widget\" data-widget_type=\"heading.default\">\n\t\t\t\t<div class=\"elementor-widget-container\">\n\t\t\t\t\t<h3 class=\"elementor-heading-title elementor-size-default\">Solicita una cotizaci\u00f3n<\/h3>\t\t\t\t<\/div>\n\t\t\t\t<\/div>\n\t\t\t\t<div class=\"elementor-element elementor-element-488a1b9b elementor-widget elementor-widget-cz_title\" data-id=\"488a1b9b\" data-element_type=\"widget\" data-e-type=\"widget\" data-widget_type=\"cz_title.default\">\n\t\t\t\t<div class=\"elementor-widget-container\">\n\t\t\t\t\t\t\r\n\t\t<div>\r\n\t\t\t<div class=\"cz_title clr cz_title_pos_center\"><div class=\"cz_title_content\"><div class=\"cz_wpe_content\"><p><a href=\"tel:13222228703\">1 322 222 87 03<\/a><br \/><a href=\"tel:13222228695\">1 322 222 8695<\/a><br \/><a href=\"mailto:vitea@viteapv.com\">vitea@viteapv.com<\/a><\/p>\n<\/div><\/div><\/div>\r\n\t\t<\/div>\r\n\t\t\r\n\t\t\t\t\t\t<\/div>\n\t\t\t\t<\/div>\n\t\t\t\t\t<\/div>\n\t\t<\/div>\n\t\t\t\t\t<\/div>\n\t\t<\/section>\n\t\t\t\t<section class=\"elementor-section elementor-top-section elementor-element elementor-element-c4d9f4b elementor-section-full_width elementor-section-stretched elementor-section-height-default elementor-section-height-default\" data-id=\"c4d9f4b\" data-element_type=\"section\" data-e-type=\"section\" data-settings=\"{&quot;stretch_section&quot;:&quot;section-stretched&quot;}\">\n\t\t\t\t\t\t<div class=\"elementor-container elementor-column-gap-default\">\n\t\t\t\t\t<div class=\"elementor-column elementor-col-50 elementor-top-column elementor-element elementor-element-59b7037\" data-id=\"59b7037\" data-element_type=\"column\" data-e-type=\"column\">\n\t\t\t<div class=\"elementor-widget-wrap elementor-element-populated\">\n\t\t\t\t\t\t<div class=\"elementor-element elementor-element-150c37e elementor-widget elementor-widget-spacer\" data-id=\"150c37e\" data-element_type=\"widget\" data-e-type=\"widget\" data-widget_type=\"spacer.default\">\n\t\t\t\t<div class=\"elementor-widget-container\">\n\t\t\t\t\t\t\t<div class=\"elementor-spacer\">\n\t\t\t<div class=\"elementor-spacer-inner\"><\/div>\n\t\t<\/div>\n\t\t\t\t\t\t<\/div>\n\t\t\t\t<\/div>\n\t\t\t\t<div class=\"elementor-element elementor-element-e273914 elementor-widget elementor-widget-heading\" data-id=\"e273914\" data-element_type=\"widget\" data-e-type=\"widget\" data-widget_type=\"heading.default\">\n\t\t\t\t<div class=\"elementor-widget-container\">\n\t\t\t\t\t<h2 class=\"elementor-heading-title elementor-size-default\">catering <\/h2>\t\t\t\t<\/div>\n\t\t\t\t<\/div>\n\t\t\t\t<div class=\"elementor-element elementor-element-c7b7c86 elementor-widget elementor-widget-cz_title\" data-id=\"c7b7c86\" data-element_type=\"widget\" data-e-type=\"widget\" data-widget_type=\"cz_title.default\">\n\t\t\t\t<div class=\"elementor-widget-container\">\n\t\t\t\t\t\t\r\n\t\t<div>\r\n\t\t\t<div class=\"cz_title clr cz_title_pos_inline\"><div class=\"cz_title_content\"><div class=\"cz_wpe_content\"><p><strong>Nuestros experimentados chefs est\u00e1n a tu servicio para servir catering en tu evento especial en Puerto Vallarta.<\/strong> No importa si es un eventos corporativo, una recepci\u00f3n de boda o cualquier otra ocasi\u00f3n.<\/p>\n<p>Entendemos que cada evento en \u00fanico y <strong>entregamos un servicio excepcional y deliciosas creaciones culinarias<\/strong> para dejar a tus invitados deleitados. Ofrecemos <strong>men\u00fas hechos a medida<\/strong> que se adaptan a tus requerimientos y preferencias<\/p>\n<\/div><\/div><\/div>\r\n\t\t<\/div>\r\n\t\t\r\n\t\t\t\t\t\t<\/div>\n\t\t\t\t<\/div>\n\t\t\t\t<div class=\"elementor-element elementor-element-c14ab7c elementor-widget elementor-widget-heading\" data-id=\"c14ab7c\" data-element_type=\"widget\" data-e-type=\"widget\" data-widget_type=\"heading.default\">\n\t\t\t\t<div class=\"elementor-widget-container\">\n\t\t\t\t\t<h3 class=\"elementor-heading-title elementor-size-default\">Solicita una cotizaci\u00f3n<\/h3>\t\t\t\t<\/div>\n\t\t\t\t<\/div>\n\t\t\t\t<div class=\"elementor-element elementor-element-7b1b3af elementor-widget elementor-widget-cz_title\" data-id=\"7b1b3af\" data-element_type=\"widget\" data-e-type=\"widget\" data-widget_type=\"cz_title.default\">\n\t\t\t\t<div class=\"elementor-widget-container\">\n\t\t\t\t\t\t\r\n\t\t<div>\r\n\t\t\t<div class=\"cz_title clr cz_title_pos_center\"><div class=\"cz_title_content\"><div class=\"cz_wpe_content\"><p><a href=\"tel:13222228703\">1 322 222 87 03<\/a><br \/><a href=\"tel:13222228695\">1 322 222 8695<\/a><br \/><a href=\"mailto:vitea@viteapv.com\">vitea@viteapv.com<\/a><\/p>\n<\/div><\/div><\/div>\r\n\t\t<\/div>\r\n\t\t\r\n\t\t\t\t\t\t<\/div>\n\t\t\t\t<\/div>\n\t\t\t\t<div class=\"elementor-element elementor-element-fd8f5c2 elementor-widget elementor-widget-spacer\" data-id=\"fd8f5c2\" data-element_type=\"widget\" data-e-type=\"widget\" data-widget_type=\"spacer.default\">\n\t\t\t\t<div class=\"elementor-widget-container\">\n\t\t\t\t\t\t\t<div class=\"elementor-spacer\">\n\t\t\t<div class=\"elementor-spacer-inner\"><\/div>\n\t\t<\/div>\n\t\t\t\t\t\t<\/div>\n\t\t\t\t<\/div>\n\t\t\t\t\t<\/div>\n\t\t<\/div>\n\t\t\t\t<div class=\"elementor-column elementor-col-50 elementor-top-column elementor-element elementor-element-56faeb7\" data-id=\"56faeb7\" data-element_type=\"column\" data-e-type=\"column\" data-settings=\"{&quot;background_background&quot;:&quot;classic&quot;}\">\n\t\t\t<div class=\"elementor-widget-wrap elementor-element-populated\">\n\t\t\t\t\t\t<div class=\"elementor-element elementor-element-fab0faa elementor-widget elementor-widget-spacer\" data-id=\"fab0faa\" data-element_type=\"widget\" data-e-type=\"widget\" data-widget_type=\"spacer.default\">\n\t\t\t\t<div class=\"elementor-widget-container\">\n\t\t\t\t\t\t\t<div class=\"elementor-spacer\">\n\t\t\t<div class=\"elementor-spacer-inner\"><\/div>\n\t\t<\/div>\n\t\t\t\t\t\t<\/div>\n\t\t\t\t<\/div>\n\t\t\t\t\t<\/div>\n\t\t<\/div>\n\t\t\t\t\t<\/div>\n\t\t<\/section>\n\t\t\t\t<\/div>\n\t\t","protected":false},"excerpt":{"rendered":"<p>eventos y catering Eventos y Catering en Puerto Vallarta En nuestro &#8230; <\/p>\n","protected":false},"author":2,"featured_media":7119,"parent":0,"menu_order":0,"comment_status":"closed","ping_status":"closed","template":"","meta":{"footnotes":""},"class_list":["post-7189","page","type-page","status-publish","has-post-thumbnail","hentry"],"yoast_head":"<!-- This site is optimized with the Yoast SEO plugin v27.3 - https:\/\/yoast.com\/product\/yoast-seo-wordpress\/ -->\n<title>\ud83c\udf72 \ud835\udde9\ud835\udddc\ud835\udde7\ud835\uddd8\ud835\uddd4 \u2014 Eventos y Catering en Puerto Vallarta<\/title>\n<meta name=\"description\" content=\"Organizamos eventos y servicios de catering para desayuno, comida y cena hasta para 50 personas en nuestro sal\u00f3n y hasta para 70 personas en nuestra hermosa terraza.\" \/>\n<meta name=\"robots\" content=\"index, follow, max-snippet:-1, max-image-preview:large, max-video-preview:-1\" \/>\n<link rel=\"canonical\" href=\"https:\/\/viteapv.com\/events\/\" \/>\n<meta property=\"og:locale\" content=\"es_ES\" \/>\n<meta property=\"og:type\" content=\"article\" \/>\n<meta property=\"og:title\" content=\"\ud83c\udf72 \ud835\udde9\ud835\udddc\ud835\udde7\ud835\uddd8\ud835\uddd4 \u2014 Eventos y Catering en Puerto Vallarta\" \/>\n<meta property=\"og:description\" content=\"Organizamos eventos y servicios de catering para desayuno, comida y cena hasta para 50 personas en nuestro sal\u00f3n y hasta para 70 personas en nuestra hermosa terraza.\" \/>\n<meta property=\"og:url\" content=\"https:\/\/viteapv.com\/events\/\" \/>\n<meta property=\"og:site_name\" content=\"Vitea Oceanfront Bistro\" \/>\n<meta property=\"article:publisher\" content=\"https:\/\/www.facebook.com\/ViteaVallarta\" \/>\n<meta property=\"article:modified_time\" content=\"2024-03-06T20:30:35+00:00\" \/>\n<meta property=\"og:image\" content=\"https:\/\/viteapv.com\/wp-content\/uploads\/2024\/02\/vitea-ocean-bistro-00002-de-tamano-grande.jpeg\" \/>\n\t<meta property=\"og:image:width\" content=\"960\" \/>\n\t<meta property=\"og:image:height\" content=\"1280\" \/>\n\t<meta property=\"og:image:type\" content=\"image\/jpeg\" \/>\n<meta name=\"twitter:card\" content=\"summary_large_image\" \/>\n<meta name=\"twitter:label1\" content=\"Tiempo de lectura\" \/>\n\t<meta name=\"twitter:data1\" content=\"1 minuto\" \/>\n<script type=\"application\/ld+json\" class=\"yoast-schema-graph\">{\"@context\":\"https:\\\/\\\/schema.org\",\"@graph\":[{\"@type\":\"WebPage\",\"@id\":\"https:\\\/\\\/viteapv.com\\\/events\\\/\",\"url\":\"https:\\\/\\\/viteapv.com\\\/events\\\/\",\"name\":\"\ud83c\udf72 \ud835\udde9\ud835\udddc\ud835\udde7\ud835\uddd8\ud835\uddd4 \u2014 Eventos y Catering en Puerto Vallarta\",\"isPartOf\":{\"@id\":\"https:\\\/\\\/viteapv.com\\\/#website\"},\"primaryImageOfPage\":{\"@id\":\"https:\\\/\\\/viteapv.com\\\/events\\\/#primaryimage\"},\"image\":{\"@id\":\"https:\\\/\\\/viteapv.com\\\/events\\\/#primaryimage\"},\"thumbnailUrl\":\"https:\\\/\\\/viteapv.com\\\/wp-content\\\/uploads\\\/2024\\\/02\\\/vitea-ocean-bistro-00002-de-tamano-grande.jpeg\",\"datePublished\":\"2024-02-27T18:39:28+00:00\",\"dateModified\":\"2024-03-06T20:30:35+00:00\",\"description\":\"Organizamos eventos y servicios de catering para desayuno, comida y cena hasta para 50 personas en nuestro sal\u00f3n y hasta para 70 personas en nuestra hermosa terraza.\",\"breadcrumb\":{\"@id\":\"https:\\\/\\\/viteapv.com\\\/events\\\/#breadcrumb\"},\"inLanguage\":\"es\",\"potentialAction\":[{\"@type\":\"ReadAction\",\"target\":[\"https:\\\/\\\/viteapv.com\\\/events\\\/\"]}]},{\"@type\":\"ImageObject\",\"inLanguage\":\"es\",\"@id\":\"https:\\\/\\\/viteapv.com\\\/events\\\/#primaryimage\",\"url\":\"https:\\\/\\\/viteapv.com\\\/wp-content\\\/uploads\\\/2024\\\/02\\\/vitea-ocean-bistro-00002-de-tamano-grande.jpeg\",\"contentUrl\":\"https:\\\/\\\/viteapv.com\\\/wp-content\\\/uploads\\\/2024\\\/02\\\/vitea-ocean-bistro-00002-de-tamano-grande.jpeg\",\"width\":960,\"height\":1280},{\"@type\":\"BreadcrumbList\",\"@id\":\"https:\\\/\\\/viteapv.com\\\/events\\\/#breadcrumb\",\"itemListElement\":[{\"@type\":\"ListItem\",\"position\":1,\"name\":\"Inicio\",\"item\":\"https:\\\/\\\/viteapv.com\\\/\"},{\"@type\":\"ListItem\",\"position\":2,\"name\":\"eventos\"}]},{\"@type\":\"WebSite\",\"@id\":\"https:\\\/\\\/viteapv.com\\\/#website\",\"url\":\"https:\\\/\\\/viteapv.com\\\/\",\"name\":\"Vitea Oceanfront Bistro\",\"description\":\"Restaurant with view in Puerto Vallarta\",\"publisher\":{\"@id\":\"https:\\\/\\\/viteapv.com\\\/#organization\"},\"potentialAction\":[{\"@type\":\"SearchAction\",\"target\":{\"@type\":\"EntryPoint\",\"urlTemplate\":\"https:\\\/\\\/viteapv.com\\\/?s={search_term_string}\"},\"query-input\":{\"@type\":\"PropertyValueSpecification\",\"valueRequired\":true,\"valueName\":\"search_term_string\"}}],\"inLanguage\":\"es\"},{\"@type\":\"Organization\",\"@id\":\"https:\\\/\\\/viteapv.com\\\/#organization\",\"name\":\"Vitea Oceanfront Bistro\",\"url\":\"https:\\\/\\\/viteapv.com\\\/\",\"logo\":{\"@type\":\"ImageObject\",\"inLanguage\":\"es\",\"@id\":\"https:\\\/\\\/viteapv.com\\\/#\\\/schema\\\/logo\\\/image\\\/\",\"url\":\"https:\\\/\\\/viteapv.com\\\/wp-content\\\/uploads\\\/2024\\\/02\\\/VITEA-ocean-front-logo-1.png\",\"contentUrl\":\"https:\\\/\\\/viteapv.com\\\/wp-content\\\/uploads\\\/2024\\\/02\\\/VITEA-ocean-front-logo-1.png\",\"width\":540,\"height\":540,\"caption\":\"Vitea Oceanfront Bistro\"},\"image\":{\"@id\":\"https:\\\/\\\/viteapv.com\\\/#\\\/schema\\\/logo\\\/image\\\/\"},\"sameAs\":[\"https:\\\/\\\/www.facebook.com\\\/ViteaVallarta\",\"https:\\\/\\\/www.instagram.com\\\/viteapv\\\/\"]}]}<\/script>\n<!-- \/ Yoast SEO plugin. -->","yoast_head_json":{"title":"\ud83c\udf72 \ud835\udde9\ud835\udddc\ud835\udde7\ud835\uddd8\ud835\uddd4 \u2014 Eventos y Catering en Puerto Vallarta","description":"Organizamos eventos y servicios de catering para desayuno, comida y cena hasta para 50 personas en nuestro sal\u00f3n y hasta para 70 personas en nuestra hermosa terraza.","robots":{"index":"index","follow":"follow","max-snippet":"max-snippet:-1","max-image-preview":"max-image-preview:large","max-video-preview":"max-video-preview:-1"},"canonical":"https:\/\/viteapv.com\/events\/","og_locale":"es_ES","og_type":"article","og_title":"\ud83c\udf72 \ud835\udde9\ud835\udddc\ud835\udde7\ud835\uddd8\ud835\uddd4 \u2014 Eventos y Catering en Puerto Vallarta","og_description":"Organizamos eventos y servicios de catering para desayuno, comida y cena hasta para 50 personas en nuestro sal\u00f3n y hasta para 70 personas en nuestra hermosa terraza.","og_url":"https:\/\/viteapv.com\/events\/","og_site_name":"Vitea Oceanfront Bistro","article_publisher":"https:\/\/www.facebook.com\/ViteaVallarta","article_modified_time":"2024-03-06T20:30:35+00:00","og_image":[{"width":960,"height":1280,"url":"https:\/\/viteapv.com\/wp-content\/uploads\/2024\/02\/vitea-ocean-bistro-00002-de-tamano-grande.jpeg","type":"image\/jpeg"}],"twitter_card":"summary_large_image","twitter_misc":{"Tiempo de lectura":"1 minuto"},"schema":{"@context":"https:\/\/schema.org","@graph":[{"@type":"WebPage","@id":"https:\/\/viteapv.com\/events\/","url":"https:\/\/viteapv.com\/events\/","name":"\ud83c\udf72 \ud835\udde9\ud835\udddc\ud835\udde7\ud835\uddd8\ud835\uddd4 \u2014 Eventos y Catering en Puerto Vallarta","isPartOf":{"@id":"https:\/\/viteapv.com\/#website"},"primaryImageOfPage":{"@id":"https:\/\/viteapv.com\/events\/#primaryimage"},"image":{"@id":"https:\/\/viteapv.com\/events\/#primaryimage"},"thumbnailUrl":"https:\/\/viteapv.com\/wp-content\/uploads\/2024\/02\/vitea-ocean-bistro-00002-de-tamano-grande.jpeg","datePublished":"2024-02-27T18:39:28+00:00","dateModified":"2024-03-06T20:30:35+00:00","description":"Organizamos eventos y servicios de catering para desayuno, comida y cena hasta para 50 personas en nuestro sal\u00f3n y hasta para 70 personas en nuestra hermosa terraza.","breadcrumb":{"@id":"https:\/\/viteapv.com\/events\/#breadcrumb"},"inLanguage":"es","potentialAction":[{"@type":"ReadAction","target":["https:\/\/viteapv.com\/events\/"]}]},{"@type":"ImageObject","inLanguage":"es","@id":"https:\/\/viteapv.com\/events\/#primaryimage","url":"https:\/\/viteapv.com\/wp-content\/uploads\/2024\/02\/vitea-ocean-bistro-00002-de-tamano-grande.jpeg","contentUrl":"https:\/\/viteapv.com\/wp-content\/uploads\/2024\/02\/vitea-ocean-bistro-00002-de-tamano-grande.jpeg","width":960,"height":1280},{"@type":"BreadcrumbList","@id":"https:\/\/viteapv.com\/events\/#breadcrumb","itemListElement":[{"@type":"ListItem","position":1,"name":"Inicio","item":"https:\/\/viteapv.com\/"},{"@type":"ListItem","position":2,"name":"eventos"}]},{"@type":"WebSite","@id":"https:\/\/viteapv.com\/#website","url":"https:\/\/viteapv.com\/","name":"Vitea Oceanfront Bistro","description":"Restaurant with view in Puerto Vallarta","publisher":{"@id":"https:\/\/viteapv.com\/#organization"},"potentialAction":[{"@type":"SearchAction","target":{"@type":"EntryPoint","urlTemplate":"https:\/\/viteapv.com\/?s={search_term_string}"},"query-input":{"@type":"PropertyValueSpecification","valueRequired":true,"valueName":"search_term_string"}}],"inLanguage":"es"},{"@type":"Organization","@id":"https:\/\/viteapv.com\/#organization","name":"Vitea Oceanfront Bistro","url":"https:\/\/viteapv.com\/","logo":{"@type":"ImageObject","inLanguage":"es","@id":"https:\/\/viteapv.com\/#\/schema\/logo\/image\/","url":"https:\/\/viteapv.com\/wp-content\/uploads\/2024\/02\/VITEA-ocean-front-logo-1.png","contentUrl":"https:\/\/viteapv.com\/wp-content\/uploads\/2024\/02\/VITEA-ocean-front-logo-1.png","width":540,"height":540,"caption":"Vitea Oceanfront Bistro"},"image":{"@id":"https:\/\/viteapv.com\/#\/schema\/logo\/image\/"},"sameAs":["https:\/\/www.facebook.com\/ViteaVallarta","https:\/\/www.instagram.com\/viteapv\/"]}]}},"_links":{"self":[{"href":"https:\/\/viteapv.com\/es\/wp-json\/wp\/v2\/pages\/7189","targetHints":{"allow":["GET"]}}],"collection":[{"href":"https:\/\/viteapv.com\/es\/wp-json\/wp\/v2\/pages"}],"about":[{"href":"https:\/\/viteapv.com\/es\/wp-json\/wp\/v2\/types\/page"}],"author":[{"embeddable":true,"href":"https:\/\/viteapv.com\/es\/wp-json\/wp\/v2\/users\/2"}],"replies":[{"embeddable":true,"href":"https:\/\/viteapv.com\/es\/wp-json\/wp\/v2\/comments?post=7189"}],"version-history":[{"count":7,"href":"https:\/\/viteapv.com\/es\/wp-json\/wp\/v2\/pages\/7189\/revisions"}],"predecessor-version":[{"id":7207,"href":"https:\/\/viteapv.com\/es\/wp-json\/wp\/v2\/pages\/7189\/revisions\/7207"}],"wp:featuredmedia":[{"embeddable":true,"href":"https:\/\/viteapv.com\/es\/wp-json\/wp\/v2\/media\/7119"}],"wp:attachment":[{"href":"https:\/\/viteapv.com\/es\/wp-json\/wp\/v2\/media?parent=7189"}],"curies":[{"name":"wp","href":"https:\/\/api.w.org\/{rel}","templated":true}]}}