{"id":7183,"date":"2024-02-27T21:14:30","date_gmt":"2024-02-27T21:14:30","guid":{"rendered":"https:\/\/viteapv.com\/certificado-de-regalo\/"},"modified":"2024-03-06T20:32:16","modified_gmt":"2024-03-06T20:32:16","slug":"certificado-de-regalo","status":"publish","type":"page","link":"https:\/\/viteapv.com\/es\/certificado-de-regalo\/","title":{"rendered":"Certificado de regalo"},"content":{"rendered":"\t\t<div data-elementor-type=\"wp-page\" data-elementor-id=\"7183\" class=\"elementor elementor-7183 elementor-6312\">\n\t\t\t\t\t\t<section class=\"elementor-section elementor-top-section elementor-element elementor-element-8100396 elementor-section-boxed elementor-section-height-default elementor-section-height-default\" data-id=\"8100396\" data-element_type=\"section\" data-e-type=\"section\" data-settings=\"{&quot;background_background&quot;:&quot;classic&quot;}\">\n\t\t\t\t\t\t<div class=\"elementor-container elementor-column-gap-default\">\n\t\t\t\t\t<div class=\"elementor-column elementor-col-100 elementor-top-column elementor-element elementor-element-091f92b\" data-id=\"091f92b\" data-element_type=\"column\" data-e-type=\"column\">\n\t\t\t<div class=\"elementor-widget-wrap\">\n\t\t\t\t\t\t\t<\/div>\n\t\t<\/div>\n\t\t\t\t\t<\/div>\n\t\t<\/section>\n\t\t\t\t<section class=\"elementor-section elementor-top-section elementor-element elementor-element-36cd229 elementor-section-full_width elementor-section-stretched elementor-section-height-default elementor-section-height-default\" data-id=\"36cd229\" data-element_type=\"section\" data-e-type=\"section\" data-settings=\"{&quot;stretch_section&quot;:&quot;section-stretched&quot;,&quot;background_background&quot;:&quot;classic&quot;}\">\n\t\t\t\t\t\t<div class=\"elementor-container elementor-column-gap-default\">\n\t\t\t\t\t<div class=\"elementor-column elementor-col-100 elementor-top-column elementor-element elementor-element-724095a\" data-id=\"724095a\" data-element_type=\"column\" data-e-type=\"column\" data-settings=\"{&quot;background_background&quot;:&quot;classic&quot;}\">\n\t\t\t<div class=\"elementor-widget-wrap elementor-element-populated\">\n\t\t\t\t\t\t<div class=\"elementor-element elementor-element-a633557 elementor-widget elementor-widget-spacer\" data-id=\"a633557\" data-element_type=\"widget\" data-e-type=\"widget\" data-widget_type=\"spacer.default\">\n\t\t\t\t<div class=\"elementor-widget-container\">\n\t\t\t\t\t\t\t<div class=\"elementor-spacer\">\n\t\t\t<div class=\"elementor-spacer-inner\"><\/div>\n\t\t<\/div>\n\t\t\t\t\t\t<\/div>\n\t\t\t\t<\/div>\n\t\t\t\t<div class=\"elementor-element elementor-element-521f677 elementor-widget elementor-widget-heading\" data-id=\"521f677\" data-element_type=\"widget\" data-e-type=\"widget\" data-widget_type=\"heading.default\">\n\t\t\t\t<div class=\"elementor-widget-container\">\n\t\t\t\t\t<h2 class=\"elementor-heading-title elementor-size-default\">Certificados de regalo<\/h2>\t\t\t\t<\/div>\n\t\t\t\t<\/div>\n\t\t\t\t<div class=\"elementor-element elementor-element-ceea079 elementor-widget elementor-widget-heading\" data-id=\"ceea079\" data-element_type=\"widget\" data-e-type=\"widget\" data-widget_type=\"heading.default\">\n\t\t\t\t<div class=\"elementor-widget-container\">\n\t\t\t\t\t<h1 class=\"elementor-heading-title elementor-size-default\">Certificado de regalo para restaurante en Puerto Vallarta<\/h1>\t\t\t\t<\/div>\n\t\t\t\t<\/div>\n\t\t\t\t<div class=\"elementor-element elementor-element-b905ee0 elementor-widget elementor-widget-spacer\" data-id=\"b905ee0\" data-element_type=\"widget\" data-e-type=\"widget\" data-widget_type=\"spacer.default\">\n\t\t\t\t<div class=\"elementor-widget-container\">\n\t\t\t\t\t\t\t<div class=\"elementor-spacer\">\n\t\t\t<div class=\"elementor-spacer-inner\"><\/div>\n\t\t<\/div>\n\t\t\t\t\t\t<\/div>\n\t\t\t\t<\/div>\n\t\t\t\t\t<\/div>\n\t\t<\/div>\n\t\t\t\t\t<\/div>\n\t\t<\/section>\n\t\t\t\t<section class=\"elementor-section elementor-top-section elementor-element elementor-element-1fb4988 elementor-section-full_width elementor-section-stretched elementor-section-height-default elementor-section-height-default\" data-id=\"1fb4988\" data-element_type=\"section\" data-e-type=\"section\" data-settings=\"{&quot;stretch_section&quot;:&quot;section-stretched&quot;,&quot;background_background&quot;:&quot;classic&quot;}\">\n\t\t\t\t\t\t<div class=\"elementor-container elementor-column-gap-default\">\n\t\t\t\t\t<div class=\"elementor-column elementor-col-14 elementor-top-column elementor-element elementor-element-5625d51\" data-id=\"5625d51\" data-element_type=\"column\" data-e-type=\"column\">\n\t\t\t<div class=\"elementor-widget-wrap\">\n\t\t\t\t\t\t\t<\/div>\n\t\t<\/div>\n\t\t\t\t<div class=\"elementor-column elementor-col-14 elementor-top-column elementor-element elementor-element-9f0e2a0\" data-id=\"9f0e2a0\" data-element_type=\"column\" data-e-type=\"column\">\n\t\t\t<div class=\"elementor-widget-wrap\">\n\t\t\t\t\t\t\t<\/div>\n\t\t<\/div>\n\t\t\t\t<div class=\"elementor-column elementor-col-14 elementor-top-column elementor-element elementor-element-67a3196\" data-id=\"67a3196\" data-element_type=\"column\" data-e-type=\"column\">\n\t\t\t<div class=\"elementor-widget-wrap\">\n\t\t\t\t\t\t\t<\/div>\n\t\t<\/div>\n\t\t\t\t<div class=\"elementor-column elementor-col-14 elementor-top-column elementor-element elementor-element-0277465\" data-id=\"0277465\" data-element_type=\"column\" data-e-type=\"column\" data-settings=\"{&quot;background_background&quot;:&quot;classic&quot;}\">\n\t\t\t<div class=\"elementor-widget-wrap elementor-element-populated\">\n\t\t\t\t\t\t<div class=\"elementor-element elementor-element-4127def elementor-widget elementor-widget-html\" data-id=\"4127def\" data-element_type=\"widget\" data-e-type=\"widget\" data-widget_type=\"html.default\">\n\t\t\t\t<div class=\"elementor-widget-container\">\n\t\t\t\t\t<form action=\"https:\/\/www.paypal.com\/cgi-bin\/webscr\" method=\"post\" target=\"_top\">\n<input type=\"hidden\" name=\"cmd\" value=\"_s-xclick\">\n<input type=\"hidden\" name=\"hosted_button_id\" value=\"6JWC68H8SKJ7S\">\n<table>\n<tr><td><input type=\"hidden\" name=\"on0\" value=\"CERTIFICADO DE REGALO\">CERTIFICADO DE REGALO<\/td><\/tr><tr><td><select name=\"os0\">\n\t<option value=\"A\">A $750.00 MXN<\/option>\n\t<option value=\"B\">B $1,500.00 MXN<\/option>\n\t<option value=\"C\">C $2,000.00 MXN<\/option>\n\t<option value=\"D\">D $2,500.00 MXN<\/option>\n<\/select> <\/td><\/tr>\n<tr><td><input type=\"hidden\" name=\"on1\" value=\"Nombre de quien recibe\">Nombre de quien recibe<\/td><\/tr><tr><td><input type=\"text\" name=\"os1\" maxlength=\"200\"><\/td><\/tr>\n<\/table>\n<input type=\"hidden\" name=\"currency_code\" value=\"MXN\">\n<input type=\"image\" src=\"https:\/\/www.paypalobjects.com\/es_XC\/MX\/i\/btn\/btn_buynowCC_LG.gif\" border=\"0\" name=\"submit\" alt=\"PayPal, la forma m\u00e1s segura y r\u00e1pida de pagar en l\u00ednea.\">\n<img decoding=\"async\" alt=\"\" border=\"0\" src=\"https:\/\/www.paypalobjects.com\/es_XC\/i\/scr\/pixel.gif\" width=\"1\" height=\"1\">\n<\/form>\n\t\t\t\t<\/div>\n\t\t\t\t<\/div>\n\t\t\t\t\t<\/div>\n\t\t<\/div>\n\t\t\t\t<div class=\"elementor-column elementor-col-14 elementor-top-column elementor-element elementor-element-158a0fc\" data-id=\"158a0fc\" data-element_type=\"column\" data-e-type=\"column\">\n\t\t\t<div class=\"elementor-widget-wrap\">\n\t\t\t\t\t\t\t<\/div>\n\t\t<\/div>\n\t\t\t\t<div class=\"elementor-column elementor-col-14 elementor-top-column elementor-element elementor-element-f95813d\" data-id=\"f95813d\" data-element_type=\"column\" data-e-type=\"column\">\n\t\t\t<div class=\"elementor-widget-wrap\">\n\t\t\t\t\t\t\t<\/div>\n\t\t<\/div>\n\t\t\t\t<div class=\"elementor-column elementor-col-14 elementor-top-column elementor-element elementor-element-21eebaf\" data-id=\"21eebaf\" data-element_type=\"column\" data-e-type=\"column\">\n\t\t\t<div class=\"elementor-widget-wrap\">\n\t\t\t\t\t\t\t<\/div>\n\t\t<\/div>\n\t\t\t\t\t<\/div>\n\t\t<\/section>\n\t\t\t\t<section class=\"elementor-section elementor-top-section elementor-element elementor-element-3b64717 elementor-section-full_width elementor-section-stretched elementor-section-height-default elementor-section-height-default\" data-id=\"3b64717\" data-element_type=\"section\" data-e-type=\"section\" data-settings=\"{&quot;stretch_section&quot;:&quot;section-stretched&quot;,&quot;background_background&quot;:&quot;classic&quot;}\">\n\t\t\t\t\t\t<div class=\"elementor-container elementor-column-gap-default\">\n\t\t\t\t\t<div class=\"elementor-column elementor-col-100 elementor-top-column elementor-element elementor-element-11685f7\" data-id=\"11685f7\" data-element_type=\"column\" data-e-type=\"column\">\n\t\t\t<div class=\"elementor-widget-wrap elementor-element-populated\">\n\t\t\t\t\t\t<div class=\"elementor-element elementor-element-ab14022 elementor-widget elementor-widget-spacer\" data-id=\"ab14022\" data-element_type=\"widget\" data-e-type=\"widget\" data-widget_type=\"spacer.default\">\n\t\t\t\t<div class=\"elementor-widget-container\">\n\t\t\t\t\t\t\t<div class=\"elementor-spacer\">\n\t\t\t<div class=\"elementor-spacer-inner\"><\/div>\n\t\t<\/div>\n\t\t\t\t\t\t<\/div>\n\t\t\t\t<\/div>\n\t\t\t\t\t<\/div>\n\t\t<\/div>\n\t\t\t\t\t<\/div>\n\t\t<\/section>\n\t\t\t\t<\/div>\n\t\t","protected":false},"excerpt":{"rendered":"<p>Certificados de regalo Certificado de regalo para restaurante en Puerto Vallarta &#8230; <\/p>\n","protected":false},"author":2,"featured_media":7151,"parent":0,"menu_order":0,"comment_status":"closed","ping_status":"closed","template":"","meta":{"footnotes":""},"class_list":["post-7183","page","type-page","status-publish","has-post-thumbnail","hentry"],"yoast_head":"<!-- This site is optimized with the Yoast SEO plugin v27.3 - https:\/\/yoast.com\/product\/yoast-seo-wordpress\/ -->\n<title>\ud83c\udf81 \ud835\udde9\ud835\udddc\ud835\udde7\ud835\uddd8\ud835\uddd4 \u2014 Certificado de regalo para Restuarante<\/title>\n<meta name=\"description\" content=\"Comparte deliciosas experiences con tu familiar y amigos usando nuestros incre\u00edbles certificados de regalo Servimos desayuno, lunch y cena.\" \/>\n<meta name=\"robots\" content=\"index, follow, max-snippet:-1, max-image-preview:large, max-video-preview:-1\" \/>\n<link rel=\"canonical\" href=\"https:\/\/viteapv.com\/gifts\/\" \/>\n<meta property=\"og:locale\" content=\"es_ES\" \/>\n<meta property=\"og:type\" content=\"article\" \/>\n<meta property=\"og:title\" content=\"\ud83c\udf81 \ud835\udde9\ud835\udddc\ud835\udde7\ud835\uddd8\ud835\uddd4 \u2014 Certificado de regalo para Restuarante\" \/>\n<meta property=\"og:description\" content=\"Comparte deliciosas experiencias con tu familia y amigos usando nuestros incre\u00edbles certificados de regalo. Servimos desayuno, lunch y cena.\" \/>\n<meta property=\"og:url\" content=\"https:\/\/viteapv.com\/gifts\/\" \/>\n<meta property=\"og:site_name\" content=\"Vitea Oceanfront Bistro\" \/>\n<meta property=\"article:publisher\" content=\"https:\/\/www.facebook.com\/ViteaVallarta\" \/>\n<meta property=\"article:modified_time\" content=\"2024-03-06T20:32:16+00:00\" \/>\n<meta property=\"og:image\" content=\"https:\/\/viteapv.com\/wp-content\/uploads\/2024\/02\/Vitea-Restaurant-with-european-cuisine-in-puerto-vallarta-.jpg\" \/>\n\t<meta property=\"og:image:width\" content=\"1080\" \/>\n\t<meta property=\"og:image:height\" content=\"718\" \/>\n\t<meta property=\"og:image:type\" content=\"image\/jpeg\" \/>\n<meta name=\"twitter:card\" content=\"summary_large_image\" \/>\n<meta name=\"twitter:label1\" content=\"Tiempo de lectura\" \/>\n\t<meta name=\"twitter:data1\" content=\"1 minuto\" \/>\n<script type=\"application\/ld+json\" class=\"yoast-schema-graph\">{\"@context\":\"https:\\\/\\\/schema.org\",\"@graph\":[{\"@type\":\"WebPage\",\"@id\":\"https:\\\/\\\/viteapv.com\\\/gifts\\\/\",\"url\":\"https:\\\/\\\/viteapv.com\\\/gifts\\\/\",\"name\":\"\ud83c\udf81 \ud835\udde9\ud835\udddc\ud835\udde7\ud835\uddd8\ud835\uddd4 \u2014 Certificado de regalo para Restuarante\",\"isPartOf\":{\"@id\":\"https:\\\/\\\/viteapv.com\\\/#website\"},\"primaryImageOfPage\":{\"@id\":\"https:\\\/\\\/viteapv.com\\\/gifts\\\/#primaryimage\"},\"image\":{\"@id\":\"https:\\\/\\\/viteapv.com\\\/gifts\\\/#primaryimage\"},\"thumbnailUrl\":\"https:\\\/\\\/viteapv.com\\\/wp-content\\\/uploads\\\/2024\\\/02\\\/Vitea-Restaurant-with-european-cuisine-in-puerto-vallarta-.jpg\",\"datePublished\":\"2024-02-27T21:14:30+00:00\",\"dateModified\":\"2024-03-06T20:32:16+00:00\",\"description\":\"Comparte deliciosas experiences con tu familiar y amigos usando nuestros incre\u00edbles certificados de regalo Servimos desayuno, lunch y cena.\",\"breadcrumb\":{\"@id\":\"https:\\\/\\\/viteapv.com\\\/gifts\\\/#breadcrumb\"},\"inLanguage\":\"es\",\"potentialAction\":[{\"@type\":\"ReadAction\",\"target\":[\"https:\\\/\\\/viteapv.com\\\/gifts\\\/\"]}]},{\"@type\":\"ImageObject\",\"inLanguage\":\"es\",\"@id\":\"https:\\\/\\\/viteapv.com\\\/gifts\\\/#primaryimage\",\"url\":\"https:\\\/\\\/viteapv.com\\\/wp-content\\\/uploads\\\/2024\\\/02\\\/Vitea-Restaurant-with-european-cuisine-in-puerto-vallarta-.jpg\",\"contentUrl\":\"https:\\\/\\\/viteapv.com\\\/wp-content\\\/uploads\\\/2024\\\/02\\\/Vitea-Restaurant-with-european-cuisine-in-puerto-vallarta-.jpg\",\"width\":1080,\"height\":718},{\"@type\":\"BreadcrumbList\",\"@id\":\"https:\\\/\\\/viteapv.com\\\/gifts\\\/#breadcrumb\",\"itemListElement\":[{\"@type\":\"ListItem\",\"position\":1,\"name\":\"Inicio\",\"item\":\"https:\\\/\\\/viteapv.com\\\/\"},{\"@type\":\"ListItem\",\"position\":2,\"name\":\"Certificado de regalo\"}]},{\"@type\":\"WebSite\",\"@id\":\"https:\\\/\\\/viteapv.com\\\/#website\",\"url\":\"https:\\\/\\\/viteapv.com\\\/\",\"name\":\"Vitea Oceanfront Bistro\",\"description\":\"Restaurant with view in Puerto Vallarta\",\"publisher\":{\"@id\":\"https:\\\/\\\/viteapv.com\\\/#organization\"},\"potentialAction\":[{\"@type\":\"SearchAction\",\"target\":{\"@type\":\"EntryPoint\",\"urlTemplate\":\"https:\\\/\\\/viteapv.com\\\/?s={search_term_string}\"},\"query-input\":{\"@type\":\"PropertyValueSpecification\",\"valueRequired\":true,\"valueName\":\"search_term_string\"}}],\"inLanguage\":\"es\"},{\"@type\":\"Organization\",\"@id\":\"https:\\\/\\\/viteapv.com\\\/#organization\",\"name\":\"Vitea Oceanfront Bistro\",\"url\":\"https:\\\/\\\/viteapv.com\\\/\",\"logo\":{\"@type\":\"ImageObject\",\"inLanguage\":\"es\",\"@id\":\"https:\\\/\\\/viteapv.com\\\/#\\\/schema\\\/logo\\\/image\\\/\",\"url\":\"https:\\\/\\\/viteapv.com\\\/wp-content\\\/uploads\\\/2024\\\/02\\\/VITEA-ocean-front-logo-1.png\",\"contentUrl\":\"https:\\\/\\\/viteapv.com\\\/wp-content\\\/uploads\\\/2024\\\/02\\\/VITEA-ocean-front-logo-1.png\",\"width\":540,\"height\":540,\"caption\":\"Vitea Oceanfront Bistro\"},\"image\":{\"@id\":\"https:\\\/\\\/viteapv.com\\\/#\\\/schema\\\/logo\\\/image\\\/\"},\"sameAs\":[\"https:\\\/\\\/www.facebook.com\\\/ViteaVallarta\",\"https:\\\/\\\/www.instagram.com\\\/viteapv\\\/\"]}]}<\/script>\n<!-- \/ Yoast SEO plugin. -->","yoast_head_json":{"title":"\ud83c\udf81 \ud835\udde9\ud835\udddc\ud835\udde7\ud835\uddd8\ud835\uddd4 \u2014 Certificado de regalo para Restuarante","description":"Comparte deliciosas experiences con tu familiar y amigos usando nuestros incre\u00edbles certificados de regalo Servimos desayuno, lunch y cena.","robots":{"index":"index","follow":"follow","max-snippet":"max-snippet:-1","max-image-preview":"max-image-preview:large","max-video-preview":"max-video-preview:-1"},"canonical":"https:\/\/viteapv.com\/gifts\/","og_locale":"es_ES","og_type":"article","og_title":"\ud83c\udf81 \ud835\udde9\ud835\udddc\ud835\udde7\ud835\uddd8\ud835\uddd4 \u2014 Certificado de regalo para Restuarante","og_description":"Comparte deliciosas experiencias con tu familia y amigos usando nuestros incre\u00edbles certificados de regalo. Servimos desayuno, lunch y cena.","og_url":"https:\/\/viteapv.com\/gifts\/","og_site_name":"Vitea Oceanfront Bistro","article_publisher":"https:\/\/www.facebook.com\/ViteaVallarta","article_modified_time":"2024-03-06T20:32:16+00:00","og_image":[{"width":1080,"height":718,"url":"https:\/\/viteapv.com\/wp-content\/uploads\/2024\/02\/Vitea-Restaurant-with-european-cuisine-in-puerto-vallarta-.jpg","type":"image\/jpeg"}],"twitter_card":"summary_large_image","twitter_misc":{"Tiempo de lectura":"1 minuto"},"schema":{"@context":"https:\/\/schema.org","@graph":[{"@type":"WebPage","@id":"https:\/\/viteapv.com\/gifts\/","url":"https:\/\/viteapv.com\/gifts\/","name":"\ud83c\udf81 \ud835\udde9\ud835\udddc\ud835\udde7\ud835\uddd8\ud835\uddd4 \u2014 Certificado de regalo para Restuarante","isPartOf":{"@id":"https:\/\/viteapv.com\/#website"},"primaryImageOfPage":{"@id":"https:\/\/viteapv.com\/gifts\/#primaryimage"},"image":{"@id":"https:\/\/viteapv.com\/gifts\/#primaryimage"},"thumbnailUrl":"https:\/\/viteapv.com\/wp-content\/uploads\/2024\/02\/Vitea-Restaurant-with-european-cuisine-in-puerto-vallarta-.jpg","datePublished":"2024-02-27T21:14:30+00:00","dateModified":"2024-03-06T20:32:16+00:00","description":"Comparte deliciosas experiences con tu familiar y amigos usando nuestros incre\u00edbles certificados de regalo Servimos desayuno, lunch y cena.","breadcrumb":{"@id":"https:\/\/viteapv.com\/gifts\/#breadcrumb"},"inLanguage":"es","potentialAction":[{"@type":"ReadAction","target":["https:\/\/viteapv.com\/gifts\/"]}]},{"@type":"ImageObject","inLanguage":"es","@id":"https:\/\/viteapv.com\/gifts\/#primaryimage","url":"https:\/\/viteapv.com\/wp-content\/uploads\/2024\/02\/Vitea-Restaurant-with-european-cuisine-in-puerto-vallarta-.jpg","contentUrl":"https:\/\/viteapv.com\/wp-content\/uploads\/2024\/02\/Vitea-Restaurant-with-european-cuisine-in-puerto-vallarta-.jpg","width":1080,"height":718},{"@type":"BreadcrumbList","@id":"https:\/\/viteapv.com\/gifts\/#breadcrumb","itemListElement":[{"@type":"ListItem","position":1,"name":"Inicio","item":"https:\/\/viteapv.com\/"},{"@type":"ListItem","position":2,"name":"Certificado de regalo"}]},{"@type":"WebSite","@id":"https:\/\/viteapv.com\/#website","url":"https:\/\/viteapv.com\/","name":"Vitea Oceanfront Bistro","description":"Restaurant with view in Puerto Vallarta","publisher":{"@id":"https:\/\/viteapv.com\/#organization"},"potentialAction":[{"@type":"SearchAction","target":{"@type":"EntryPoint","urlTemplate":"https:\/\/viteapv.com\/?s={search_term_string}"},"query-input":{"@type":"PropertyValueSpecification","valueRequired":true,"valueName":"search_term_string"}}],"inLanguage":"es"},{"@type":"Organization","@id":"https:\/\/viteapv.com\/#organization","name":"Vitea Oceanfront Bistro","url":"https:\/\/viteapv.com\/","logo":{"@type":"ImageObject","inLanguage":"es","@id":"https:\/\/viteapv.com\/#\/schema\/logo\/image\/","url":"https:\/\/viteapv.com\/wp-content\/uploads\/2024\/02\/VITEA-ocean-front-logo-1.png","contentUrl":"https:\/\/viteapv.com\/wp-content\/uploads\/2024\/02\/VITEA-ocean-front-logo-1.png","width":540,"height":540,"caption":"Vitea Oceanfront Bistro"},"image":{"@id":"https:\/\/viteapv.com\/#\/schema\/logo\/image\/"},"sameAs":["https:\/\/www.facebook.com\/ViteaVallarta","https:\/\/www.instagram.com\/viteapv\/"]}]}},"_links":{"self":[{"href":"https:\/\/viteapv.com\/es\/wp-json\/wp\/v2\/pages\/7183","targetHints":{"allow":["GET"]}}],"collection":[{"href":"https:\/\/viteapv.com\/es\/wp-json\/wp\/v2\/pages"}],"about":[{"href":"https:\/\/viteapv.com\/es\/wp-json\/wp\/v2\/types\/page"}],"author":[{"embeddable":true,"href":"https:\/\/viteapv.com\/es\/wp-json\/wp\/v2\/users\/2"}],"replies":[{"embeddable":true,"href":"https:\/\/viteapv.com\/es\/wp-json\/wp\/v2\/comments?post=7183"}],"version-history":[{"count":6,"href":"https:\/\/viteapv.com\/es\/wp-json\/wp\/v2\/pages\/7183\/revisions"}],"predecessor-version":[{"id":7210,"href":"https:\/\/viteapv.com\/es\/wp-json\/wp\/v2\/pages\/7183\/revisions\/7210"}],"wp:featuredmedia":[{"embeddable":true,"href":"https:\/\/viteapv.com\/es\/wp-json\/wp\/v2\/media\/7151"}],"wp:attachment":[{"href":"https:\/\/viteapv.com\/es\/wp-json\/wp\/v2\/media?parent=7183"}],"curies":[{"name":"wp","href":"https:\/\/api.w.org\/{rel}","templated":true}]}}